{"id":28,"date":"2025-07-27T17:40:47","date_gmt":"2025-07-27T17:40:47","guid":{"rendered":"https:\/\/www.sabiharik.com\/?page_id=28"},"modified":"2025-09-28T09:28:20","modified_gmt":"2025-09-28T09:28:20","slug":"silverstorm","status":"publish","type":"page","link":"https:\/\/www.sabiharik.com\/","title":{"rendered":"Anasayfa"},"content":{"rendered":"<div data-colibri-id=\"28-c1\" class=\"style-179 style-local-28-c1 position-relative\">\n  <!---->\n  <div data-colibri-component=\"section\" data-colibri-id=\"28-c2\" id=\"about\" class=\"h-section h-section-global-spacing d-flex align-items-lg-center align-items-md-center align-items-center style-180 style-local-28-c2 position-relative\">\n    <!---->\n    <!---->\n    <div class=\"h-section-grid-container h-section-boxed-container\">\n      <!---->\n      <div data-colibri-id=\"28-c3\" class=\"h-row-container gutters-row-lg-2 gutters-row-md-2 gutters-row-2 gutters-row-v-lg-2 gutters-row-v-md-2 gutters-row-v-2 style-181 style-local-28-c3 position-relative\">\n        <!---->\n        <div class=\"h-row justify-content-lg-center justify-content-md-center justify-content-center align-items-lg-stretch align-items-md-stretch align-items-stretch gutters-col-lg-2 gutters-col-md-2 gutters-col-2 gutters-col-v-lg-2 gutters-col-v-md-2 gutters-col-v-2\">\n          <!---->\n          <div class=\"h-column h-column-container d-flex h-col-lg-auto h-col-md-auto h-col-auto style-182-outer style-local-28-c4-outer\">\n            <div data-colibri-id=\"28-c4\" class=\"d-flex h-flex-basis h-column__inner h-px-lg-2 h-px-md-2 h-px-2 v-inner-lg-2 v-inner-md-2 v-inner-2 style-182 style-local-28-c4 position-relative\">\n              <!---->\n              <!---->\n              <div class=\"w-100 h-y-container h-column__content h-column__v-align flex-basis-100 align-self-lg-center align-self-md-center align-self-center\">\n                <!---->\n                <div data-colibri-id=\"28-c5\" class=\"h-global-transition-all h-heading style-183 style-local-28-c5 position-relative h-element\">\n                  <!---->\n                  <div class=\"h-heading__outer style-183 style-local-28-c5\">\n                    <!---->\n                    <!---->\n                    <h5 class=\"\">Proje 1<\/h5>\n                  <\/div>\n                <\/div>\n                <div data-colibri-id=\"28-c6\" class=\"h-global-transition-all h-heading style-184 style-local-28-c6 position-relative h-element\">\n                  <!---->\n                  <div class=\"h-heading__outer style-184 style-local-28-c6\">\n                    <!---->\n                    <!---->\n                    <h2 class=\"\">Proje x<\/h2>\n                  <\/div>\n                <\/div>\n                <div data-colibri-id=\"28-c7\" class=\"h-lead h-text h-text-component style-185 style-local-28-c7 position-relative h-element\">\n                  <!---->\n                  <!---->\n                  <div class=\"\">\n                    <p>proje detaylar\u0131<\/p>\n                  <\/div>\n                <\/div>\n                <div data-colibri-id=\"28-c8\" class=\"h-x-container style-186 style-local-28-c8 position-relative h-element\">\n                  <!---->\n                  <div class=\"h-x-container-inner style-dynamic-28-c8-group style-186-spacing style-local-28-c8-spacing\"><span class=\"h-button__outer style-187-outer style-local-28-c9-outer d-inline-flex h-element\"><a h-use-smooth-scroll=\"true\" href=\"\"  data-colibri-id=\"28-c9\" class=\"d-flex w-100 align-items-center h-button justify-content-lg-center justify-content-md-center justify-content-center style-187 style-local-28-c9 position-relative\"><!----><!----> <span>proje detaylar\u0131 i\u00e7in&#8230;<\/span><\/a>\n                    <\/span>\n                  <\/div>\n                <\/div>\n              <\/div>\n            <\/div>\n          <\/div>\n          <div class=\"h-column h-column-container d-flex h-col-lg-auto h-col-md-auto h-col-auto style-188-outer style-local-28-c10-outer\">\n            <div data-colibri-id=\"28-c10\" class=\"d-flex h-flex-basis h-column__inner h-px-lg-2 h-px-md-2 h-px-2 v-inner-lg-2 v-inner-md-2 v-inner-2 style-188 style-local-28-c10 position-relative\">\n              <!---->\n              <!---->\n              <div class=\"w-100 h-y-container h-column__content h-column__v-align flex-basis-100 align-self-lg-center align-self-md-center align-self-center\">\n                <!---->\n                <div data-colibri-id=\"28-c11\" class=\"d-block style-189 style-local-28-c11 position-relative h-element\">\n                  <!---->\n                  <div class=\"h-image__frame-container-outer\">\n                    <div class=\"h-image__frame-container\">\n                      <!---->\n                      <!---->\n                      <img decoding=\"async\" src=\"http:\/\/www.sabiharik.com\/wp-content\/uploads\/2025\/07\/colibri-image-320.png\" class=\"wp-image-1488 style-189-image style-local-28-c11-image\" alt=\"\" \/>\n                      <div class=\"h-image__frame h-hide-sm style-189-frameImage style-local-28-c11-frameImage\"><\/div>\n                    <\/div>\n                  <\/div>\n                <\/div>\n              <\/div>\n            <\/div>\n          <\/div>\n        <\/div>\n      <\/div>\n    <\/div>\n  <\/div>\n<\/div>","protected":false},"excerpt":{"rendered":"<p>Proje 1 Proje x proje detaylar\u0131 proje detaylar\u0131 i\u00e7in&#8230; [&hellip;]<\/p>\n","protected":false},"author":1,"featured_media":0,"parent":0,"menu_order":0,"comment_status":"closed","ping_status":"closed","template":"page-templates\/homepage.php","meta":{"footnotes":""},"class_list":["post-28","page","type-page","status-publish","hentry"],"_links":{"self":[{"href":"https:\/\/www.sabiharik.com\/index.php?rest_route=\/wp\/v2\/pages\/28","targetHints":{"allow":["GET"]}}],"collection":[{"href":"https:\/\/www.sabiharik.com\/index.php?rest_route=\/wp\/v2\/pages"}],"about":[{"href":"https:\/\/www.sabiharik.com\/index.php?rest_route=\/wp\/v2\/types\/page"}],"author":[{"embeddable":true,"href":"https:\/\/www.sabiharik.com\/index.php?rest_route=\/wp\/v2\/users\/1"}],"replies":[{"embeddable":true,"href":"https:\/\/www.sabiharik.com\/index.php?rest_route=%2Fwp%2Fv2%2Fcomments&post=28"}],"version-history":[{"count":4,"href":"https:\/\/www.sabiharik.com\/index.php?rest_route=\/wp\/v2\/pages\/28\/revisions"}],"predecessor-version":[{"id":135,"href":"https:\/\/www.sabiharik.com\/index.php?rest_route=\/wp\/v2\/pages\/28\/revisions\/135"}],"wp:attachment":[{"href":"https:\/\/www.sabiharik.com\/index.php?rest_route=%2Fwp%2Fv2%2Fmedia&parent=28"}],"curies":[{"name":"wp","href":"https:\/\/api.w.org\/{rel}","templated":true}]}}